{"id":317,"date":"2019-10-28T09:41:02","date_gmt":"2019-10-28T08:41:02","guid":{"rendered":"http:\/\/themes.rascals.eu\/spectra\/?page_id=317"},"modified":"2021-05-11T14:56:26","modified_gmt":"2021-05-11T12:56:26","slug":"contact","status":"publish","type":"page","link":"https:\/\/www.philippeguevel.fr\/index.php\/contact\/","title":{"rendered":"Contact"},"content":{"rendered":"<div class=\"wpb-content-wrapper\"><p>[vc_row][vc_column][vc_row_inner][vc_column_inner width=\u00a0\u00bb1\/4&Prime;]<div class=\"icon_column icon_left\"><span class=\"icon icon-home\"><\/span><div class=\"text-holder\"><span class=\"icon_column_title\">Adresse<\/span>Kersaudy<strong><br \/>\n29600 PLOURIN-L\u00c8S-MORLAIX<\/strong><\/div><\/div>[\/vc_column_inner][vc_column_inner width=\u00a0\u00bb1\/4&Prime;]<div class=\"icon_column icon_left\"><span class=\"icon icon-phone2\"><\/span><div class=\"text-holder\"><span class=\"icon_column_title\">Mobile<\/span><strong>06 67 19 33 69<\/strong><\/div><\/div>[\/vc_column_inner][vc_column_inner width=\u00a0\u00bb1\/4&Prime;]<div class=\"icon_column icon_left\"><span class=\"icon icon-pencil2\"><\/span><div class=\"text-holder\"><span class=\"icon_column_title\">Email<\/span><strong><a href=\"mailto:artiste@philippeguevel.fr\">artiste@philippeguevel.fr<\/a><\/strong><\/div><\/div>[\/vc_column_inner][vc_column_inner width=\u00a0\u00bb1\/4&Prime;]<div class=\"icon_column icon_left\"><span class=\"icon icon-share\"><\/span><div class=\"text-holder\"><span class=\"icon_column_title\">R\u00e9seaux Sociaux<\/span><strong><a href=\"https:\/\/www.facebook.com\/philguev\" target=\"_blank\" rel=\"noopener noreferrer\">Facebook<\/a><\/strong><br \/>\n<a href=\"#\" target=\"_blank\" rel=\"noopener noreferrer\">Twitter<\/a><br \/>\n<a href=\"#\" target=\"_blank\" rel=\"noopener noreferrer\">Soundcloud<\/a><\/div><\/div>[\/vc_column_inner][\/vc_row_inner][vc_single_image image=\u00a0\u00bb1244&Prime; img_size=\u00a0\u00bbfull\u00a0\u00bb alignment=\u00a0\u00bbcenter\u00a0\u00bb css=\u00a0\u00bb.vc_custom_1606153272603{margin-bottom: -2px !important;}\u00a0\u00bb][vc_separator color=\u00a0\u00bbcustom\u00a0\u00bb style=\u00a0\u00bbdashed\u00a0\u00bb accent_color=\u00a0\u00bb#333333&Prime;][vc_custom_heading text=\u00a0\u00bbN&rsquo;h\u00e9sitez pas, envoyez votre message\u00a0\u00bb font_container=\u00a0\u00bbtag:h2|font_size:36px|text_align:center\u00a0\u00bb google_fonts=\u00a0\u00bbfont_family:Roboto%3A100%2C100italic%2C300%2C300italic%2Cregular%2Citalic%2C500%2C500italic%2C700%2C700italic%2C900%2C900italic|font_style:700%20bold%20regular%3A700%3Anormal\u00a0\u00bb][vc_custom_heading text=\u00a0\u00bbVEUILLEZ REMPLIR VOS D\u00c9TAILS DE CONTACT\u00a0\u00bb font_container=\u00a0\u00bbtag:div|font_size:12px|text_align:center|color:%23aaaaaa|line_height:16px\u00a0\u00bb google_fonts=\u00a0\u00bbfont_family:Roboto%3A100%2C100italic%2C300%2C300italic%2Cregular%2Citalic%2C500%2C500italic%2C700%2C700italic%2C900%2C900italic|font_style:400%20regular%3A400%3Anormal\u00a0\u00bb css=\u00a0\u00bb.vc_custom_1605808727677{margin-top: -20px !important;margin-bottom: 50px !important;}\u00a0\u00bb]\n<div class=\"wpcf7 no-js\" id=\"wpcf7-f1738-o1\" lang=\"fr-FR\" dir=\"ltr\" data-wpcf7-id=\"1738\">\n<div class=\"screen-reader-response\"><p role=\"status\" aria-live=\"polite\" aria-atomic=\"true\"><\/p> <ul><\/ul><\/div>\n<form action=\"\/index.php\/wp-json\/wp\/v2\/pages\/317#wpcf7-f1738-o1\" method=\"post\" class=\"wpcf7-form init\" aria-label=\"Formulaire de contact\" novalidate=\"novalidate\" data-status=\"init\">\n<fieldset class=\"hidden-fields-container\"><input type=\"hidden\" name=\"_wpcf7\" value=\"1738\" \/><input type=\"hidden\" name=\"_wpcf7_version\" value=\"6.1.5\" \/><input type=\"hidden\" name=\"_wpcf7_locale\" value=\"fr_FR\" \/><input type=\"hidden\" name=\"_wpcf7_unit_tag\" value=\"wpcf7-f1738-o1\" \/><input type=\"hidden\" name=\"_wpcf7_container_post\" value=\"0\" \/><input type=\"hidden\" name=\"_wpcf7_posted_data_hash\" value=\"\" \/>\n<\/fieldset>\n<div class=\"col-1-3\">\n\t<p>Votre Nom *\n\t<\/p>\n\t<p><span class=\"wpcf7-form-control-wrap\" data-name=\"your-name\"><input size=\"40\" maxlength=\"400\" class=\"wpcf7-form-control wpcf7-text wpcf7-validates-as-required\" aria-required=\"true\" aria-invalid=\"false\" placeholder=\"Pr\u00e9nom Nom \/ Entreprise\" value=\"\" type=\"text\" name=\"your-name\" \/><\/span>\n\t<\/p>\n\t<p>Date\n\t<\/p>\n\t<p><span class=\"wpcf7-form-control-wrap\" data-name=\"text-60\"><input size=\"40\" maxlength=\"400\" class=\"wpcf7-form-control wpcf7-text\" aria-invalid=\"false\" placeholder=\"JJ-MM-AAAA\" value=\"\" type=\"text\" name=\"text-60\" \/><\/span>\n\t<\/p>\n<\/div>\n<div class=\"col-1-3\">\n\t<p>Votre Email *\n\t<\/p>\n\t<p><span class=\"wpcf7-form-control-wrap\" data-name=\"your-email\"><input size=\"40\" maxlength=\"400\" class=\"wpcf7-form-control wpcf7-email wpcf7-validates-as-required wpcf7-text wpcf7-validates-as-email\" aria-required=\"true\" aria-invalid=\"false\" placeholder=\"email@email.com\" value=\"\" type=\"email\" name=\"your-email\" \/><\/span>\n\t<\/p>\n\t<p>T\u00e9l\u00e9phone *\n\t<\/p>\n\t<p><span class=\"wpcf7-form-control-wrap\" data-name=\"tlphone\"><input size=\"40\" maxlength=\"400\" class=\"wpcf7-form-control wpcf7-tel wpcf7-validates-as-required wpcf7-text wpcf7-validates-as-tel\" aria-required=\"true\" aria-invalid=\"false\" placeholder=\"Fixe ou portable\" value=\"\" type=\"tel\" name=\"tlphone\" \/><\/span>\n\t<\/p>\n<\/div>\n<div class=\"col-1-3 last\">\n\t<p>Objet de votre demande *\n\t<\/p>\n\t<p><span class=\"wpcf7-form-control-wrap\" data-name=\"your-subject\"><input size=\"40\" maxlength=\"400\" class=\"wpcf7-form-control wpcf7-text wpcf7-validates-as-required\" aria-required=\"true\" aria-invalid=\"false\" placeholder=\"Votre besoin ?\" value=\"\" type=\"text\" name=\"your-subject\" \/><\/span>\n\t<\/p>\n<\/div>\n<div class=\"clear\">\n<\/div>\n<div class=\"col-1-2\">\n\t<p>Dur\u00e9e de la prestation *\n\t<\/p>\n\t<p><span class=\"wpcf7-form-control-wrap\" data-name=\"Dureprestation\"><span class=\"wpcf7-form-control wpcf7-radio\"><span class=\"wpcf7-list-item first\"><label><span class=\"wpcf7-list-item-label\">1 Heure<\/span><input type=\"radio\" name=\"Dureprestation\" value=\"1 Heure\" checked=\"checked\" \/><\/label><\/span><span class=\"wpcf7-list-item\"><label><span class=\"wpcf7-list-item-label\">2-3 Heures<\/span><input type=\"radio\" name=\"Dureprestation\" value=\"2-3 Heures\" \/><\/label><\/span><span class=\"wpcf7-list-item\"><label><span class=\"wpcf7-list-item-label\">5 Heures<\/span><input type=\"radio\" name=\"Dureprestation\" value=\"5 Heures\" \/><\/label><\/span><span class=\"wpcf7-list-item\"><label><span class=\"wpcf7-list-item-label\">1 journ\u00e9e<\/span><input type=\"radio\" name=\"Dureprestation\" value=\"1 journ\u00e9e\" \/><\/label><\/span><span class=\"wpcf7-list-item last\"><label><span class=\"wpcf7-list-item-label\">Ne concerne pas cette demande<\/span><input type=\"radio\" name=\"Dureprestation\" value=\"Ne concerne pas cette demande\" \/><\/label><\/span><\/span><\/span>\n\t<\/p>\n<\/div>\n<div class=\"col-1-2 last\">\n\t<p>Type d'\u00e9v\u00e9nement *\n\t<\/p>\n\t<p><span class=\"wpcf7-form-control-wrap\" data-name=\"checkbox-641\"><span class=\"wpcf7-form-control wpcf7-checkbox wpcf7-validates-as-required\"><span class=\"wpcf7-list-item first\"><input type=\"checkbox\" name=\"checkbox-641[]\" value=\"Enregistrement\" \/><span class=\"wpcf7-list-item-label\">Enregistrement<\/span><\/span><span class=\"wpcf7-list-item\"><input type=\"checkbox\" name=\"checkbox-641[]\" value=\"Composition\" \/><span class=\"wpcf7-list-item-label\">Composition<\/span><\/span><span class=\"wpcf7-list-item\"><input type=\"checkbox\" name=\"checkbox-641[]\" value=\"Concert\" \/><span class=\"wpcf7-list-item-label\">Concert<\/span><\/span><span class=\"wpcf7-list-item\"><input type=\"checkbox\" name=\"checkbox-641[]\" value=\"Disque\" \/><span class=\"wpcf7-list-item-label\">Disque<\/span><\/span><span class=\"wpcf7-list-item last\"><input type=\"checkbox\" name=\"checkbox-641[]\" value=\"Autre\" \/><span class=\"wpcf7-list-item-label\">Autre<\/span><\/span><\/span><\/span>\n\t<\/p>\n<\/div>\n<div class=\"clear\">\n<\/div>\n<p>Votre message *\n<\/p>\n<p><span class=\"wpcf7-form-control-wrap\" data-name=\"your-message\"><textarea cols=\"40\" rows=\"10\" maxlength=\"2000\" class=\"wpcf7-form-control wpcf7-textarea wpcf7-validates-as-required\" aria-required=\"true\" aria-invalid=\"false\" placeholder=\"Cette zone vous est r\u00e9serv\u00e9e afin de d\u00e9tailler votre demande. N&#039;h\u00e9sitez pas !\" name=\"your-message\"><\/textarea><\/span>\n<\/p>\n<p>Les champs marqu\u00e9s d'une * sont obligatoires, merci de les compl\u00e9ter.\n<\/p>\n<p><span class=\"wpcf7-form-control-wrap\" data-name=\"quizz\"><label><span class=\"wpcf7-quiz-label\">La capitale de la France ? *<\/span> <input size=\"40\" class=\"wpcf7-form-control wpcf7-quiz\" autocomplete=\"off\" aria-required=\"true\" aria-invalid=\"false\" type=\"text\" name=\"quizz\" \/><\/label><input type=\"hidden\" name=\"_wpcf7_quiz_answer_quizz\" value=\"3242ce0d2170eba29e09993fc69dc892\" \/><\/span>\n<\/p>\n<p><input class=\"wpcf7-form-control wpcf7-submit has-spinner\" type=\"submit\" value=\"Envoyer\" \/>\n<\/p><p style=\"display: none !important;\" class=\"akismet-fields-container\" data-prefix=\"_wpcf7_ak_\"><label>&#916;<textarea name=\"_wpcf7_ak_hp_textarea\" cols=\"45\" rows=\"8\" maxlength=\"100\"><\/textarea><\/label><input type=\"hidden\" id=\"ak_js_1\" name=\"_wpcf7_ak_js\" value=\"168\"\/><script>document.getElementById( \"ak_js_1\" ).setAttribute( \"value\", ( new Date() ).getTime() );<\/script><\/p><div class=\"wpcf7-response-output\" aria-hidden=\"true\"><\/div>\n<\/form>\n<\/div>\n[\/vc_column][\/vc_row]<\/p>\n<\/div>","protected":false},"excerpt":{"rendered":"<p>[vc_row][vc_column][vc_row_inner][vc_column_inner width=\u00a0\u00bb1\/4&Prime;][\/vc_column_inner][vc_column_inner width=\u00a0\u00bb1\/4&Prime;][\/vc_column_inner][vc_column_inner width=\u00a0\u00bb1\/4&Prime;][\/vc_column_inner][vc_column_inner width=\u00a0\u00bb1\/4&Prime;][\/vc_column_inner][\/vc_row_inner][vc_single_image image=\u00a0\u00bb1244&Prime; img_size=\u00a0\u00bbfull\u00a0\u00bb alignment=\u00a0\u00bbcenter\u00a0\u00bb css=\u00a0\u00bb.vc_custom_1606153272603{margin-bottom: -2px !important;}\u00a0\u00bb][vc_separator color=\u00a0\u00bbcustom\u00a0\u00bb style=\u00a0\u00bbdashed\u00a0\u00bb accent_color=\u00a0\u00bb#333333&Prime;][vc_custom_heading text=\u00a0\u00bbN&rsquo;h\u00e9sitez pas, envoyez votre message\u00a0\u00bb font_container=\u00a0\u00bbtag:h2|font_size:36px|text_align:center\u00a0\u00bb google_fonts=\u00a0\u00bbfont_family:Roboto%3A100%2C100italic%2C300%2C300italic%2Cregular%2Citalic%2C500%2C500italic%2C700%2C700italic%2C900%2C900italic|font_style:700%20bold%20regular%3A700%3Anormal\u00a0\u00bb][vc_custom_heading text=\u00a0\u00bbVEUILLEZ REMPLIR VOS D\u00c9TAILS DE CONTACT\u00a0\u00bb font_container=\u00a0\u00bbtag:div|font_size:12px|text_align:center|color:%23aaaaaa|line_height:16px\u00a0\u00bb google_fonts=\u00a0\u00bbfont_family:Roboto%3A100%2C100italic%2C300%2C300italic%2Cregular%2Citalic%2C500%2C500italic%2C700%2C700italic%2C900%2C900italic|font_style:400%20regular%3A400%3Anormal\u00a0\u00bb css=\u00a0\u00bb.vc_custom_1605808727677{margin-top: -20px !important;margin-bottom: 50px !important;}\u00a0\u00bb][\/vc_column][\/vc_row]<\/p>\n","protected":false},"author":2,"featured_media":0,"parent":0,"menu_order":0,"comment_status":"closed","ping_status":"closed","template":"","meta":{"footnotes":""},"class_list":["post-317","page","type-page","status-publish","hentry"],"_links":{"self":[{"href":"https:\/\/www.philippeguevel.fr\/index.php\/wp-json\/wp\/v2\/pages\/317","targetHints":{"allow":["GET"]}}],"collection":[{"href":"https:\/\/www.philippeguevel.fr\/index.php\/wp-json\/wp\/v2\/pages"}],"about":[{"href":"https:\/\/www.philippeguevel.fr\/index.php\/wp-json\/wp\/v2\/types\/page"}],"author":[{"embeddable":true,"href":"https:\/\/www.philippeguevel.fr\/index.php\/wp-json\/wp\/v2\/users\/2"}],"replies":[{"embeddable":true,"href":"https:\/\/www.philippeguevel.fr\/index.php\/wp-json\/wp\/v2\/comments?post=317"}],"version-history":[{"count":15,"href":"https:\/\/www.philippeguevel.fr\/index.php\/wp-json\/wp\/v2\/pages\/317\/revisions"}],"predecessor-version":[{"id":2035,"href":"https:\/\/www.philippeguevel.fr\/index.php\/wp-json\/wp\/v2\/pages\/317\/revisions\/2035"}],"wp:attachment":[{"href":"https:\/\/www.philippeguevel.fr\/index.php\/wp-json\/wp\/v2\/media?parent=317"}],"curies":[{"name":"wp","href":"https:\/\/api.w.org\/{rel}","templated":true}]}}